{"id":183,"date":"2023-11-03T16:28:30","date_gmt":"2023-11-03T13:28:30","guid":{"rendered":"https:\/\/worldstagetruck.com\/?page_id=183"},"modified":"2023-11-03T16:47:57","modified_gmt":"2023-11-03T13:47:57","slug":"tailored-solutions","status":"publish","type":"page","link":"https:\/\/worldstagetruck.com\/en\/tailored-solutions\/","title":{"rendered":"Tailored Solutions"},"content":{"rendered":"<div data-elementor-type=\"wp-page\" data-elementor-id=\"183\" class=\"elementor elementor-183\" data-elementor-settings=\"[]\">\n\t\t\t\t\t\t\t<div class=\"elementor-section-wrap\">\n\t\t\t\t\t\t\t<section class=\"elementor-section elementor-top-section elementor-element elementor-element-b83d6d6 tm-column-break-ipad-no tm-col-stretched-none elementor-section-boxed elementor-section-height-default elementor-section-height-default\" data-id=\"b83d6d6\" data-element_type=\"section\">\n\t\t\t\t\t\t<div class=\"elementor-container elementor-column-gap-default\">\n\t\t\t\t\t<div class=\"elementor-column elementor-col-33 elementor-top-column elementor-element elementor-element-613adc9\" data-id=\"613adc9\" data-element_type=\"column\">\n\t\t\t<div class=\"elementor-widget-wrap elementor-element-populated\">\n\t\t\t\t\t\t\t\t<div class=\"elementor-element elementor-element-44d1792 elementor-widget elementor-widget-tm_icon_heading\" data-id=\"44d1792\" data-element_type=\"widget\" data-widget_type=\"tm_icon_heading.default\">\n\t\t\t\t<div class=\"elementor-widget-container\">\n\t\t\t\n<div class=\"themetechmount-iconbox themetechmount-iconbox-stylefive themetechmount-iconcolor-white\">\n<div class=\"themetechmount-iconbox-inner\">\n\t\t<div class=\"tm-iconbox-wrapper\">\n\t\t\t<div class=\"themetechmount-iconbox-icon\">\n\t\t\t<div class=\"tm-box-icon\"><i class=\"far fa-bookmark\"><\/i><\/div>\t\t\t<\/div>\n\t\t\t<div class=\"themetechmount-iconbox-heading\">\n\t\t\t\t<h2 class=\"tm-custom-heading\">\n\t\t\t\t\t\n\t\t\t\t\t\tMobile Toilet \n\t\t\t\t\t\n\t\t\t\t\t<\/h2>\n\t\t\t\t\t\t\t\t\t\t\t\t\t\t\t\t\t\t\t<\/div>\t\n\t\t\t\t\t<\/div>\n\t<\/div>\t\n\n<\/div>\n\t\t<\/div>\n\t\t\t\t<\/div>\n\t\t\t\t<div class=\"elementor-element elementor-element-ccb3298 elementor-widget elementor-widget-tm_icon_heading\" data-id=\"ccb3298\" data-element_type=\"widget\" data-widget_type=\"tm_icon_heading.default\">\n\t\t\t\t<div class=\"elementor-widget-container\">\n\t\t\t\n<div class=\"themetechmount-iconbox themetechmount-iconbox-stylefive themetechmount-iconcolor-white\">\n<div class=\"themetechmount-iconbox-inner\">\n\t\t<div class=\"tm-iconbox-wrapper\">\n\t\t\t<div class=\"themetechmount-iconbox-icon\">\n\t\t\t<div class=\"tm-box-icon\"><i class=\"far fa-bookmark\"><\/i><\/div>\t\t\t<\/div>\n\t\t\t<div class=\"themetechmount-iconbox-heading\">\n\t\t\t\t<h2 class=\"tm-custom-heading\">\n\t\t\t\t\t\n\t\t\t\t\t\tMobile Child Care and Play Truck \n\t\t\t\t\t\n\t\t\t\t\t<\/h2>\n\t\t\t\t\t\t\t\t\t\t\t\t\t\t\t\t\t\t\t<\/div>\t\n\t\t\t\t\t<\/div>\n\t<\/div>\t\n\n<\/div>\n\t\t<\/div>\n\t\t\t\t<\/div>\n\t\t\t\t\t<\/div>\n\t\t<\/div>\n\t\t\t\t<div class=\"elementor-column elementor-col-33 elementor-top-column elementor-element elementor-element-20d0890\" data-id=\"20d0890\" data-element_type=\"column\">\n\t\t\t<div class=\"elementor-widget-wrap elementor-element-populated\">\n\t\t\t\t\t\t\t\t<div class=\"elementor-element elementor-element-813de92 elementor-widget elementor-widget-tm_icon_heading\" data-id=\"813de92\" data-element_type=\"widget\" data-widget_type=\"tm_icon_heading.default\">\n\t\t\t\t<div class=\"elementor-widget-container\">\n\t\t\t\n<div class=\"themetechmount-iconbox themetechmount-iconbox-stylefive themetechmount-iconcolor-white\">\n<div class=\"themetechmount-iconbox-inner\">\n\t\t<div class=\"tm-iconbox-wrapper\">\n\t\t\t<div class=\"themetechmount-iconbox-icon\">\n\t\t\t<div class=\"tm-box-icon\"><i class=\"far fa-bookmark\"><\/i><\/div>\t\t\t<\/div>\n\t\t\t<div class=\"themetechmount-iconbox-heading\">\n\t\t\t\t<h2 class=\"tm-custom-heading\">\n\t\t\t\t\t\n\t\t\t\t\t\tMobile Generator\n\t\t\t\t\t\n\t\t\t\t\t<\/h2>\n\t\t\t\t\t\t\t\t\t\t\t\t\t\t\t\t\t\t\t<\/div>\t\n\t\t\t\t\t<\/div>\n\t<\/div>\t\n\n<\/div>\n\t\t<\/div>\n\t\t\t\t<\/div>\n\t\t\t\t<div class=\"elementor-element elementor-element-87ddd37 elementor-widget elementor-widget-tm_icon_heading\" data-id=\"87ddd37\" data-element_type=\"widget\" data-widget_type=\"tm_icon_heading.default\">\n\t\t\t\t<div class=\"elementor-widget-container\">\n\t\t\t\n<div class=\"themetechmount-iconbox themetechmount-iconbox-stylefive themetechmount-iconcolor-white\">\n<div class=\"themetechmount-iconbox-inner\">\n\t\t<div class=\"tm-iconbox-wrapper\">\n\t\t\t<div class=\"themetechmount-iconbox-icon\">\n\t\t\t<div class=\"tm-box-icon\"><i class=\"far fa-bookmark\"><\/i><\/div>\t\t\t<\/div>\n\t\t\t<div class=\"themetechmount-iconbox-heading\">\n\t\t\t\t<h2 class=\"tm-custom-heading\">\n\t\t\t\t\t\n\t\t\t\t\t\tMobile Training Truck\n\t\t\t\t\t\n\t\t\t\t\t<\/h2>\n\t\t\t\t\t\t\t\t\t\t\t\t\t\t\t\t\t\t\t<\/div>\t\n\t\t\t\t\t<\/div>\n\t<\/div>\t\n\n<\/div>\n\t\t<\/div>\n\t\t\t\t<\/div>\n\t\t\t\t\t<\/div>\n\t\t<\/div>\n\t\t\t\t<div class=\"elementor-column elementor-col-33 elementor-top-column elementor-element elementor-element-c9963b5\" data-id=\"c9963b5\" data-element_type=\"column\">\n\t\t\t<div class=\"elementor-widget-wrap elementor-element-populated\">\n\t\t\t\t\t\t\t\t<div class=\"elementor-element elementor-element-71e67c4 elementor-widget elementor-widget-tm_icon_heading\" data-id=\"71e67c4\" data-element_type=\"widget\" data-widget_type=\"tm_icon_heading.default\">\n\t\t\t\t<div class=\"elementor-widget-container\">\n\t\t\t\n<div class=\"themetechmount-iconbox themetechmount-iconbox-stylefive themetechmount-iconcolor-white\">\n<div class=\"themetechmount-iconbox-inner\">\n\t\t<div class=\"tm-iconbox-wrapper\">\n\t\t\t<div class=\"themetechmount-iconbox-icon\">\n\t\t\t<div class=\"tm-box-icon\"><i class=\"far fa-bookmark\"><\/i><\/div>\t\t\t<\/div>\n\t\t\t<div class=\"themetechmount-iconbox-heading\">\n\t\t\t\t<h2 class=\"tm-custom-heading\">\n\t\t\t\t\t\n\t\t\t\t\t\tMobile Aid Truck \n\t\t\t\t\t\n\t\t\t\t\t<\/h2>\n\t\t\t\t\t\t\t\t\t\t\t\t\t\t\t\t\t\t\t<\/div>\t\n\t\t\t\t\t<\/div>\n\t<\/div>\t\n\n<\/div>\n\t\t<\/div>\n\t\t\t\t<\/div>\n\t\t\t\t<div class=\"elementor-element elementor-element-857b8a0 elementor-widget elementor-widget-tm_icon_heading\" data-id=\"857b8a0\" data-element_type=\"widget\" data-widget_type=\"tm_icon_heading.default\">\n\t\t\t\t<div class=\"elementor-widget-container\">\n\t\t\t\n<div class=\"themetechmount-iconbox themetechmount-iconbox-stylefive themetechmount-iconcolor-white\">\n<div class=\"themetechmount-iconbox-inner\">\n\t\t<div class=\"tm-iconbox-wrapper\">\n\t\t\t<div class=\"themetechmount-iconbox-icon\">\n\t\t\t<div class=\"tm-box-icon\"><i class=\"far fa-bookmark\"><\/i><\/div>\t\t\t<\/div>\n\t\t\t<div class=\"themetechmount-iconbox-heading\">\n\t\t\t\t<h2 class=\"tm-custom-heading\">\n\t\t\t\t\t\n\t\t\t\t\t\tMobile Exhibition and Museum Truck \n\t\t\t\t\t\n\t\t\t\t\t<\/h2>\n\t\t\t\t\t\t\t\t\t\t\t\t\t\t\t\t\t\t\t<\/div>\t\n\t\t\t\t\t<\/div>\n\t<\/div>\t\n\n<\/div>\n\t\t<\/div>\n\t\t\t\t<\/div>\n\t\t\t\t\t<\/div>\n\t\t<\/div>\n\t\t\t\t\t\t\t<\/div>\n\t\t<\/section>\n\t\t\t\t<section class=\"elementor-section elementor-top-section elementor-element elementor-element-b976eba tm-column-break-ipad-no tm-col-stretched-none elementor-section-boxed elementor-section-height-default elementor-section-height-default\" data-id=\"b976eba\" data-element_type=\"section\">\n\t\t\t\t\t\t<div class=\"elementor-container elementor-column-gap-default\">\n\t\t\t\t\t<div class=\"elementor-column elementor-col-50 elementor-top-column elementor-element elementor-element-c935aeb\" data-id=\"c935aeb\" data-element_type=\"column\">\n\t\t\t<div class=\"elementor-widget-wrap elementor-element-populated\">\n\t\t\t\t\t\t\t\t<div class=\"elementor-element elementor-element-d7e20d7 elementor-widget elementor-widget-text-editor\" data-id=\"d7e20d7\" data-element_type=\"widget\" data-widget_type=\"text-editor.default\">\n\t\t\t\t<div class=\"elementor-widget-container\">\n\t\t\t\t\t<div class=\"elementor-text-editor elementor-clearfix\"><p>In addition to the standard demands of institutions, organizations, and private companies, we make project-based designs for optional\u00a0 <strong>special demands.<\/strong> Our creative design team works meticulously to create unique designs that will meet your demands with special solutions. We transform all kinds of vehicles in the mobile vehicle class into a well-designed project, from various mobile education trucks for both children and adults, to Mobile Exhibition and Museum Trucks requested by institutions and art galleries to increase their visibility and reach larger audiences, to Mobile toilets and sinks, Mobile Generators and Mobile aid trucks, especially used by municipalities to meet the needs of the public in a hygienic way and in every environment. Developing tailored solutions for mobile vehicles is only possible by meeting with our customers and listening to their needs and goals.<\/p><p>We bring their needs and visions to life by supporting them with creative and useful ideas. Thanks to the experience we have gained and the tools we produce, we transform previously unimplemented ideas and projects into comfortable and technological mobile vehicles that attract attention with their designs.<\/p><p>Mobile Toilet, Mobile Generator, Mobile Aid Truck, Mobile Child Care and Play Truck, Mobile Education Truck, Mobile Exhibition and Museum Truck<\/p><\/div>\n\t\t\t\t<\/div>\n\t\t\t\t<\/div>\n\t\t\t\t\t<\/div>\n\t\t<\/div>\n\t\t\t\t<div class=\"elementor-column elementor-col-50 elementor-top-column elementor-element elementor-element-6a99955\" data-id=\"6a99955\" data-element_type=\"column\">\n\t\t\t<div class=\"elementor-widget-wrap elementor-element-populated\">\n\t\t\t\t\t\t\t\t<div class=\"elementor-element elementor-element-e5b1041 elementor-widget elementor-widget-image\" data-id=\"e5b1041\" data-element_type=\"widget\" data-widget_type=\"image.default\">\n\t\t\t\t<div class=\"elementor-widget-container\">\n\t\t\t\t\t<div class=\"elementor-image\">\n\t\t\t\t\t\t\t\t\t\t<img loading=\"lazy\" width=\"847\" height=\"400\" src=\"https:\/\/worldstagetruck.com\/wp-content\/uploads\/2023\/11\/slider03-1024x484-1.jpg\" class=\"attachment-large size-large\" alt=\"\" decoding=\"async\" srcset=\"https:\/\/worldstagetruck.com\/wp-content\/uploads\/2023\/11\/slider03-1024x484-1.jpg 1024w, https:\/\/worldstagetruck.com\/wp-content\/uploads\/2023\/11\/slider03-1024x484-1-300x142.jpg 300w, https:\/\/worldstagetruck.com\/wp-content\/uploads\/2023\/11\/slider03-1024x484-1-768x363.jpg 768w, https:\/\/worldstagetruck.com\/wp-content\/uploads\/2023\/11\/slider03-1024x484-1-520x246.jpg 520w, https:\/\/worldstagetruck.com\/wp-content\/uploads\/2023\/11\/slider03-1024x484-1-650x307.jpg 650w\" sizes=\"(max-width: 847px) 100vw, 847px\" data-id=\"191\" \/>\t\t\t\t\t\t\t\t\t\t\t<\/div>\n\t\t\t\t<\/div>\n\t\t\t\t<\/div>\n\t\t\t\t<div class=\"elementor-element elementor-element-b4f4382 elementor-widget elementor-widget-image\" data-id=\"b4f4382\" data-element_type=\"widget\" data-widget_type=\"image.default\">\n\t\t\t\t<div class=\"elementor-widget-container\">\n\t\t\t\t\t<div class=\"elementor-image\">\n\t\t\t\t\t\t\t\t\t\t<img loading=\"lazy\" width=\"847\" height=\"475\" src=\"https:\/\/worldstagetruck.com\/wp-content\/uploads\/2023\/11\/24411-1024x574.jpg\" class=\"attachment-large size-large\" alt=\"\" decoding=\"async\" srcset=\"https:\/\/worldstagetruck.com\/wp-content\/uploads\/2023\/11\/24411-1024x574.jpg 1024w, https:\/\/worldstagetruck.com\/wp-content\/uploads\/2023\/11\/24411-300x168.jpg 300w, https:\/\/worldstagetruck.com\/wp-content\/uploads\/2023\/11\/24411-768x431.jpg 768w, https:\/\/worldstagetruck.com\/wp-content\/uploads\/2023\/11\/24411-520x292.jpg 520w, https:\/\/worldstagetruck.com\/wp-content\/uploads\/2023\/11\/24411-650x364.jpg 650w, https:\/\/worldstagetruck.com\/wp-content\/uploads\/2023\/11\/24411.jpg 1500w\" sizes=\"(max-width: 847px) 100vw, 847px\" data-id=\"190\" \/>\t\t\t\t\t\t\t\t\t\t\t<\/div>\n\t\t\t\t<\/div>\n\t\t\t\t<\/div>\n\t\t\t\t\t<\/div>\n\t\t<\/div>\n\t\t\t\t\t\t\t<\/div>\n\t\t<\/section>\n\t\t\t\t\t\t<\/div>\n\t\t\t\t\t<\/div>","protected":false},"excerpt":{"rendered":"<p>Mobil Tuvalet Mobil \u00c7ocuk Bak\u0131m ve Oyun T\u0131r\u0131 Mobil Jenerat\u00f6r Mobil E\u011fitim T\u0131r\u0131 Mobil Yard\u0131m T\u0131r\u0131 Mobil Sergi ve M\u00fcze T\u0131r\u0131 Kurum, kurulu\u015f ve \u00f6zel \u015firketlerin standart taleplerinin yan\u0131 s\u0131ra, iste\u011fe ba\u011fl\u0131\u00a0 \u00f6zel talepler i\u00e7inde proje bazl\u0131 tasar\u0131mlar yapmaktay\u0131z. Kreatif tasar\u0131m ekibimiz taleplerinizi sizlere \u00f6zel \u00e7\u00f6z\u00fcmlerle kar\u015f\u0131layacak benzersiz tasar\u0131mlar yapmak i\u00e7in titizlikle \u00e7al\u0131\u015fmaktad\u0131r. Hem \u00e7ocuklara &hellip; <a href=\"https:\/\/worldstagetruck.com\/en\/tailored-solutions\/\" class=\"more-link\">Continue reading <span class=\"screen-reader-text\">Tailored Solutions<\/span><\/a><\/p>","protected":false},"author":1,"featured_media":0,"parent":0,"menu_order":0,"comment_status":"closed","ping_status":"closed","template":"","meta":{"footnotes":""},"_links":{"self":[{"href":"https:\/\/worldstagetruck.com\/en\/wp-json\/wp\/v2\/pages\/183"}],"collection":[{"href":"https:\/\/worldstagetruck.com\/en\/wp-json\/wp\/v2\/pages"}],"about":[{"href":"https:\/\/worldstagetruck.com\/en\/wp-json\/wp\/v2\/types\/page"}],"author":[{"embeddable":true,"href":"https:\/\/worldstagetruck.com\/en\/wp-json\/wp\/v2\/users\/1"}],"replies":[{"embeddable":true,"href":"https:\/\/worldstagetruck.com\/en\/wp-json\/wp\/v2\/comments?post=183"}],"version-history":[{"count":7,"href":"https:\/\/worldstagetruck.com\/en\/wp-json\/wp\/v2\/pages\/183\/revisions"}],"predecessor-version":[{"id":194,"href":"https:\/\/worldstagetruck.com\/en\/wp-json\/wp\/v2\/pages\/183\/revisions\/194"}],"wp:attachment":[{"href":"https:\/\/worldstagetruck.com\/en\/wp-json\/wp\/v2\/media?parent=183"}],"curies":[{"name":"wp","href":"https:\/\/api.w.org\/{rel}","templated":true}]}}