{"id":215,"date":"2023-11-03T17:13:21","date_gmt":"2023-11-03T14:13:21","guid":{"rendered":"https:\/\/worldstagetruck.com\/?page_id=215"},"modified":"2023-11-03T17:15:54","modified_gmt":"2023-11-03T14:15:54","slug":"rental","status":"publish","type":"page","link":"https:\/\/worldstagetruck.com\/en\/rental\/","title":{"rendered":"Rental"},"content":{"rendered":"<div data-elementor-type=\"wp-page\" data-elementor-id=\"215\" class=\"elementor elementor-215\" data-elementor-settings=\"[]\">\n\t\t\t\t\t\t\t<div class=\"elementor-section-wrap\">\n\t\t\t\t\t\t\t<section class=\"elementor-section elementor-top-section elementor-element elementor-element-b976eba tm-column-break-ipad-no tm-col-stretched-none elementor-section-boxed elementor-section-height-default elementor-section-height-default\" data-id=\"b976eba\" data-element_type=\"section\">\n\t\t\t\t\t\t<div class=\"elementor-container elementor-column-gap-default\">\n\t\t\t\t\t<div class=\"elementor-column elementor-col-50 elementor-top-column elementor-element elementor-element-c935aeb\" data-id=\"c935aeb\" data-element_type=\"column\">\n\t\t\t<div class=\"elementor-widget-wrap elementor-element-populated\">\n\t\t\t\t\t\t\t\t<div class=\"elementor-element elementor-element-3dc2a4d elementor-widget elementor-widget-text-editor\" data-id=\"3dc2a4d\" data-element_type=\"widget\" data-widget_type=\"text-editor.default\">\n\t\t\t\t<div class=\"elementor-widget-container\">\n\t\t\t\t\t<div class=\"elementor-text-editor elementor-clearfix\"><p>We provide our rental services within the borders of T\u00fcrkiye with our existing fleet. Before renting, we discuss with our customers about the type of event and its capacity in order to supply the most suitable product. Taking into account the budgets of our customers, we select the appropriate product and offer them the most financially suitable offer. In case of mobile stage supply, we provide all the equipment that may be needed within the stage, such as sound system, lighting system, video system and LED screen, taking into account the content and type of the event.<\/p><p class=\"translation-block\">For mobile vehicle needs, our design team creates the necessary projects and presents them to our customers, and the manufacturing process is initiated to meet special demands. \nDuring the rental period, together with our technical team, we solve all your needs locally in the field. Our rental fleet serves an average of 1000 events every year. Together with our rented vehicles, our experienced technicians support you throughout your work. All equipment of the vehicles used is up to date and certified products are used. Our expert support services unit on product technical equipment is ready 24\/7 to meet your needs and solve problems.<\/p><\/div>\n\t\t\t\t<\/div>\n\t\t\t\t<\/div>\n\t\t\t\t\t<\/div>\n\t\t<\/div>\n\t\t\t\t<div class=\"elementor-column elementor-col-50 elementor-top-column elementor-element elementor-element-6a99955\" data-id=\"6a99955\" data-element_type=\"column\">\n\t\t\t<div class=\"elementor-widget-wrap elementor-element-populated\">\n\t\t\t\t\t\t\t\t<div class=\"elementor-element elementor-element-b4f4382 elementor-widget elementor-widget-image\" data-id=\"b4f4382\" data-element_type=\"widget\" data-widget_type=\"image.default\">\n\t\t\t\t<div class=\"elementor-widget-container\">\n\t\t\t\t\t<div class=\"elementor-image\">\n\t\t\t\t\t\t\t\t\t\t<img loading=\"lazy\" width=\"847\" height=\"577\" src=\"https:\/\/worldstagetruck.com\/wp-content\/uploads\/2023\/11\/5043.jpg\" class=\"attachment-large size-large\" alt=\"\" decoding=\"async\" srcset=\"https:\/\/worldstagetruck.com\/wp-content\/uploads\/2023\/11\/5043.jpg 962w, https:\/\/worldstagetruck.com\/wp-content\/uploads\/2023\/11\/5043-300x204.jpg 300w, https:\/\/worldstagetruck.com\/wp-content\/uploads\/2023\/11\/5043-768x523.jpg 768w, https:\/\/worldstagetruck.com\/wp-content\/uploads\/2023\/11\/5043-441x300.jpg 441w, https:\/\/worldstagetruck.com\/wp-content\/uploads\/2023\/11\/5043-650x443.jpg 650w\" sizes=\"(max-width: 847px) 100vw, 847px\" data-id=\"218\" \/>\t\t\t\t\t\t\t\t\t\t\t<\/div>\n\t\t\t\t<\/div>\n\t\t\t\t<\/div>\n\t\t\t\t\t<\/div>\n\t\t<\/div>\n\t\t\t\t\t\t\t<\/div>\n\t\t<\/section>\n\t\t\t\t\t\t<\/div>\n\t\t\t\t\t<\/div>","protected":false},"excerpt":{"rendered":"<p>Kiralama hizmetlerimizi mevcut filomuz ile T\u00fcrkiye s\u0131n\u0131rlar\u0131 i\u00e7erisinde sa\u011flamaktay\u0131z. Kiralama \u00f6ncesinde, en uygun \u00fcr\u00fcn\u00fcn tedarik edilebilmesi i\u00e7in m\u00fc\u015fterilerimiz ile, etkinlik t\u00fcr\u00fc ve kapasitesi hakk\u0131nda g\u00f6r\u00fc\u015fmekteyiz. M\u00fc\u015fterilerimizin b\u00fct\u00e7eleri de g\u00f6z \u00f6n\u00fcnde bulundurularak uygun \u00fcr\u00fcn\u00fc se\u00e7ip onlara finansal a\u00e7\u0131dan en uygun olan teklifi sunmaktay\u0131z. Mobil sahne tedari\u011fi yap\u0131lmas\u0131 durumunda, sahne i\u00e7erisinde ihtiya\u00e7 duyulabilecek ses sistemi, \u0131\u015f\u0131k sistemi, &hellip; <a href=\"https:\/\/worldstagetruck.com\/en\/rental\/\" class=\"more-link\">Continue reading <span class=\"screen-reader-text\">Rental<\/span><\/a><\/p>","protected":false},"author":1,"featured_media":0,"parent":0,"menu_order":0,"comment_status":"closed","ping_status":"closed","template":"","meta":{"footnotes":""},"_links":{"self":[{"href":"https:\/\/worldstagetruck.com\/en\/wp-json\/wp\/v2\/pages\/215"}],"collection":[{"href":"https:\/\/worldstagetruck.com\/en\/wp-json\/wp\/v2\/pages"}],"about":[{"href":"https:\/\/worldstagetruck.com\/en\/wp-json\/wp\/v2\/types\/page"}],"author":[{"embeddable":true,"href":"https:\/\/worldstagetruck.com\/en\/wp-json\/wp\/v2\/users\/1"}],"replies":[{"embeddable":true,"href":"https:\/\/worldstagetruck.com\/en\/wp-json\/wp\/v2\/comments?post=215"}],"version-history":[{"count":4,"href":"https:\/\/worldstagetruck.com\/en\/wp-json\/wp\/v2\/pages\/215\/revisions"}],"predecessor-version":[{"id":222,"href":"https:\/\/worldstagetruck.com\/en\/wp-json\/wp\/v2\/pages\/215\/revisions\/222"}],"wp:attachment":[{"href":"https:\/\/worldstagetruck.com\/en\/wp-json\/wp\/v2\/media?parent=215"}],"curies":[{"name":"wp","href":"https:\/\/api.w.org\/{rel}","templated":true}]}}