{"id":223,"date":"2023-11-03T17:16:37","date_gmt":"2023-11-03T14:16:37","guid":{"rendered":"https:\/\/worldstagetruck.com\/?page_id=223"},"modified":"2023-11-03T17:21:40","modified_gmt":"2023-11-03T14:21:40","slug":"technical-support","status":"publish","type":"page","link":"https:\/\/worldstagetruck.com\/en\/technical-support\/","title":{"rendered":"Technical Support"},"content":{"rendered":"<div data-elementor-type=\"wp-page\" data-elementor-id=\"223\" class=\"elementor elementor-223\" data-elementor-settings=\"[]\">\n\t\t\t\t\t\t\t<div class=\"elementor-section-wrap\">\n\t\t\t\t\t\t\t<section class=\"elementor-section elementor-top-section elementor-element elementor-element-b976eba tm-column-break-ipad-no tm-col-stretched-none elementor-section-boxed elementor-section-height-default elementor-section-height-default\" data-id=\"b976eba\" data-element_type=\"section\">\n\t\t\t\t\t\t<div class=\"elementor-container elementor-column-gap-default\">\n\t\t\t\t\t<div class=\"elementor-column elementor-col-50 elementor-top-column elementor-element elementor-element-c935aeb\" data-id=\"c935aeb\" data-element_type=\"column\">\n\t\t\t<div class=\"elementor-widget-wrap elementor-element-populated\">\n\t\t\t\t\t\t\t\t<div class=\"elementor-element elementor-element-3dc2a4d elementor-widget elementor-widget-text-editor\" data-id=\"3dc2a4d\" data-element_type=\"widget\" data-widget_type=\"text-editor.default\">\n\t\t\t\t<div class=\"elementor-widget-container\">\n\t\t\t\t\t<div class=\"elementor-text-editor elementor-clearfix\"><p style=\"text-align: justify;\">We do not leave you alone during the use of all the hardware and equipment in the vehicle you have requested from us at your events. Our professional technical team supports you in all processes, from bringing the vehicles to the site, to the installation, control and operation of the equipment inside. Our technical team consists of well-known people who have gained experience in the industry for many years. Our employees, who have been working with all kinds of vehicles and ancillary equipment for years, are familiar with developing technologies and have the ability to solve all kinds of problems in a short time, provide you with a friendly and professional service before installation, during operation and during disassembly. Our technical team, consisting of engineers and technicians who are experts in their fields, plays an active role in every stage of the production of our vehicles, from design to mechanical and electronic equipment. For this reason, it predicts every problem that may occur during use and prevents the disruption of the program flow with the most effective solutions.<\/p><\/div>\n\t\t\t\t<\/div>\n\t\t\t\t<\/div>\n\t\t\t\t\t<\/div>\n\t\t<\/div>\n\t\t\t\t<div class=\"elementor-column elementor-col-50 elementor-top-column elementor-element elementor-element-6a99955\" data-id=\"6a99955\" data-element_type=\"column\">\n\t\t\t<div class=\"elementor-widget-wrap elementor-element-populated\">\n\t\t\t\t\t\t\t\t<div class=\"elementor-element elementor-element-b4f4382 elementor-widget elementor-widget-image\" data-id=\"b4f4382\" data-element_type=\"widget\" data-widget_type=\"image.default\">\n\t\t\t\t<div class=\"elementor-widget-container\">\n\t\t\t\t\t<div class=\"elementor-image\">\n\t\t\t\t\t\t\t\t\t\t<img loading=\"lazy\" width=\"847\" height=\"484\" src=\"https:\/\/worldstagetruck.com\/wp-content\/uploads\/2023\/11\/80736-1024x585.jpg\" class=\"attachment-large size-large\" alt=\"\" decoding=\"async\" srcset=\"https:\/\/worldstagetruck.com\/wp-content\/uploads\/2023\/11\/80736-1024x585.jpg 1024w, https:\/\/worldstagetruck.com\/wp-content\/uploads\/2023\/11\/80736-300x171.jpg 300w, https:\/\/worldstagetruck.com\/wp-content\/uploads\/2023\/11\/80736-768x439.jpg 768w, https:\/\/worldstagetruck.com\/wp-content\/uploads\/2023\/11\/80736-520x297.jpg 520w, https:\/\/worldstagetruck.com\/wp-content\/uploads\/2023\/11\/80736-650x371.jpg 650w, https:\/\/worldstagetruck.com\/wp-content\/uploads\/2023\/11\/80736.jpg 1500w\" sizes=\"(max-width: 847px) 100vw, 847px\" data-id=\"225\" \/>\t\t\t\t\t\t\t\t\t\t\t<\/div>\n\t\t\t\t<\/div>\n\t\t\t\t<\/div>\n\t\t\t\t\t<\/div>\n\t\t<\/div>\n\t\t\t\t\t\t\t<\/div>\n\t\t<\/section>\n\t\t\t\t<section class=\"elementor-section elementor-top-section elementor-element elementor-element-0787241 tm-column-break-ipad-no tm-col-stretched-none elementor-section-boxed elementor-section-height-default elementor-section-height-default\" data-id=\"0787241\" data-element_type=\"section\">\n\t\t\t\t\t\t<div class=\"elementor-container elementor-column-gap-default\">\n\t\t\t\t\t<div class=\"elementor-column elementor-col-100 elementor-top-column elementor-element elementor-element-f420de8\" data-id=\"f420de8\" data-element_type=\"column\">\n\t\t\t<div class=\"elementor-widget-wrap elementor-element-populated\">\n\t\t\t\t\t\t\t\t<div class=\"elementor-element elementor-element-0903400 elementor-widget elementor-widget-text-editor\" data-id=\"0903400\" data-element_type=\"widget\" data-widget_type=\"text-editor.default\">\n\t\t\t\t<div class=\"elementor-widget-container\">\n\t\t\t\t\t<div class=\"elementor-text-editor elementor-clearfix\"><p style=\"text-align: justify;\">After the product they purchased is delivered to them, our customers enter a one-day training process with our professional technical team. With the training we provide on the features of the product and how to use it, we ensure that users can use the products without needing any external support. In these trainings, the electronic and mechanical equipment of the products, their installation and how to use them are shown in detail.<\/p><p style=\"text-align: justify;\">The support we provide to our customers does not end with the training process. Our 24\/7 after-sales support team puts us at the top among the most reliable companies. We provide them with the support they need during the use of our products, both remotely and at the site of use. Our after-sales support team is ready to support our customers at any time, in case of technical problems that may be encountered during installation, disassembly or use, or in case of needs arising from job changes made by trained people. We guarantee the quality and performance of our products. For this reason, our customers can use the products they purchase for many years without experiencing any performance loss.<\/p><\/div>\n\t\t\t\t<\/div>\n\t\t\t\t<\/div>\n\t\t\t\t\t<\/div>\n\t\t<\/div>\n\t\t\t\t\t\t\t<\/div>\n\t\t<\/section>\n\t\t\t\t\t\t<\/div>\n\t\t\t\t\t<\/div>","protected":false},"excerpt":{"rendered":"<p>Etkinliklerinizde bizden talep etmi\u015f oldu\u011funuz arac\u0131n i\u00e7erisinde bulunan t\u00fcm donan\u0131m ve ekipman\u0131n kullan\u0131m\u0131 esnas\u0131nda sizleri yaln\u0131z b\u0131rakm\u0131yoruz. Ara\u00e7lar\u0131n alana getirilmesinden i\u00e7erisindeki ekipman\u0131n kurulumuna, kontrollerinin yap\u0131lmas\u0131na ve operasyonuna kadar t\u00fcm s\u00fcre\u00e7lerde, profesyonel teknik ekibimiz sizlere destek vermektedir. Teknik ekibimiz uzun y\u0131llard\u0131r sekt\u00f6rde deneyim kazanm\u0131\u015f, tan\u0131nm\u0131\u015f ki\u015filerden olu\u015fmaktad\u0131r. Her \u00e7e\u015fit ara\u00e7 ve yan ekipman ile y\u0131llard\u0131r \u00e7al\u0131\u015fan, &hellip; <a href=\"https:\/\/worldstagetruck.com\/en\/technical-support\/\" class=\"more-link\">Continue reading <span class=\"screen-reader-text\">Technical Support<\/span><\/a><\/p>","protected":false},"author":1,"featured_media":0,"parent":0,"menu_order":0,"comment_status":"closed","ping_status":"closed","template":"","meta":{"footnotes":""},"_links":{"self":[{"href":"https:\/\/worldstagetruck.com\/en\/wp-json\/wp\/v2\/pages\/223"}],"collection":[{"href":"https:\/\/worldstagetruck.com\/en\/wp-json\/wp\/v2\/pages"}],"about":[{"href":"https:\/\/worldstagetruck.com\/en\/wp-json\/wp\/v2\/types\/page"}],"author":[{"embeddable":true,"href":"https:\/\/worldstagetruck.com\/en\/wp-json\/wp\/v2\/users\/1"}],"replies":[{"embeddable":true,"href":"https:\/\/worldstagetruck.com\/en\/wp-json\/wp\/v2\/comments?post=223"}],"version-history":[{"count":4,"href":"https:\/\/worldstagetruck.com\/en\/wp-json\/wp\/v2\/pages\/223\/revisions"}],"predecessor-version":[{"id":229,"href":"https:\/\/worldstagetruck.com\/en\/wp-json\/wp\/v2\/pages\/223\/revisions\/229"}],"wp:attachment":[{"href":"https:\/\/worldstagetruck.com\/en\/wp-json\/wp\/v2\/media?parent=223"}],"curies":[{"name":"wp","href":"https:\/\/api.w.org\/{rel}","templated":true}]}}