{"id":310,"date":"2025-05-30T15:00:06","date_gmt":"2025-05-30T12:00:06","guid":{"rendered":"https:\/\/worldstagetruck.com\/?page_id=310"},"modified":"2025-05-30T15:05:00","modified_gmt":"2025-05-30T12:05:00","slug":"news","status":"publish","type":"page","link":"https:\/\/worldstagetruck.com\/en\/news\/","title":{"rendered":"News"},"content":{"rendered":"<div data-elementor-type=\"wp-page\" data-elementor-id=\"310\" class=\"elementor elementor-310\" data-elementor-settings=\"[]\">\n\t\t\t\t\t\t\t<div class=\"elementor-section-wrap\">\n\t\t\t\t\t\t\t<section class=\"elementor-section elementor-top-section elementor-element elementor-element-10a7d75 tm-column-break-ipad-no tm-col-stretched-none elementor-section-boxed elementor-section-height-default elementor-section-height-default\" data-id=\"10a7d75\" data-element_type=\"section\">\n\t\t\t\t\t\t<div class=\"elementor-container elementor-column-gap-default\">\n\t\t\t\t\t<div class=\"elementor-column elementor-col-100 elementor-top-column elementor-element elementor-element-e724879\" data-id=\"e724879\" data-element_type=\"column\">\n\t\t\t<div class=\"elementor-widget-wrap elementor-element-populated\">\n\t\t\t\t\t\t\t\t<div class=\"elementor-element elementor-element-9f1d46b tm-align-left elementor-widget elementor-widget-tm_blog_element\" data-id=\"9f1d46b\" data-element_type=\"widget\" data-widget_type=\"tm_blog_element.default\">\n\t\t\t\t<div class=\"elementor-widget-container\">\n\t\t\t<div class=\"themetechmount-boxes themetechmount-boxes-blog themetechmount-element-blogbox-style1 themetechmount-boxes-view-default themetechmount-boxes-col-three themetechmount-boxes-gap-30px\" data-tm-show=\"30\" data-tm-loop=\"1\" data-tm-autoplay=\"0\" data-tm-centermode=\"0\" data-tm-nav=\"\" data-tm-dots=\"\" data-tm-slidestoscroll=\"\" data-tm-autoplayspeed=\"4500\" data-tm-margin=\"30px\"><div class=\"themetechmount-boxes-inner\">\n\t\t\t<div class=\"themetechmount-box-heading-wrapper tm-boxwithout-heading\">\n\t\t\t\t<div class=\"tm-element-heading-content-wrapper left-align  tm-seperator-none  tm-heading-style-vertical\"><div class=\"tm-content-header\"><\/div><\/div>\t\t\t\t\t\t\t<\/div>\n\t\t\t\t\t\t<div class=\"themetechmount-boxes-row-wrapper row multi-columns-row\">\n\n\t\t\t<div class=\"tm-box-col-wrapper  haberler col-lg-4 col-sm-6 col-md-4 col-xs-12\"><article class=\"themetechmount-box themetechmount-box-blog themetechmount-blogbox-styleone themetechmount-blogbox-format-\">\n\t<div class=\"post-item\">\n\t\t<div class=\"themetechmount-box-content\">\t\t\n\t\t\t<div class=\"tm-featured-outer-wrapper tm-post-featured-outer-wrapper\">\n\t\t\t\t<div class=\"tm-featured-wrapper tm-post-featured-wrapper tm-post-format-\"><a href=\"https:\/\/worldstagetruck.com\/en\/festival-organizasyonlarinda-mobil-sahne-secimi-rehberi-en-ideal-sahne-secimini-yapin\/\"><img decoding=\"async\" loading=\"lazy\" width=\"650\" height=\"433\" src=\"https:\/\/worldstagetruck.com\/wp-content\/uploads\/2023\/11\/World-Stage-Truck-13-650x433.jpg\" class=\"attachment-themetechmount-img-blog-top size-themetechmount-img-blog-top wp-post-image\" alt=\"\" srcset=\"https:\/\/worldstagetruck.com\/wp-content\/uploads\/2023\/11\/World-Stage-Truck-13-650x433.jpg 650w, https:\/\/worldstagetruck.com\/wp-content\/uploads\/2023\/11\/World-Stage-Truck-13-300x200.jpg 300w, https:\/\/worldstagetruck.com\/wp-content\/uploads\/2023\/11\/World-Stage-Truck-13-1024x682.jpg 1024w, https:\/\/worldstagetruck.com\/wp-content\/uploads\/2023\/11\/World-Stage-Truck-13-768x512.jpg 768w, https:\/\/worldstagetruck.com\/wp-content\/uploads\/2023\/11\/World-Stage-Truck-13-450x300.jpg 450w, https:\/\/worldstagetruck.com\/wp-content\/uploads\/2023\/11\/World-Stage-Truck-13.jpg 1280w\" sizes=\"(max-width: 650px) 100vw, 650px\" data-id=\"102\" \/><\/a><\/div>\t\t\t\t<div class=\"tm-box-post-date\">\n\t\t\t\t\t02\t\t\t\t\t<span>Mar<\/span>\n\t\t\t\t<\/div>\t\n\t\t\t<\/div>\t\t\n\t\t\t<div class=\"themetechmount-box-desc\">\n\t\t\t\t<div class=\"entry-header\">\n\t\t\t\t\t<div class=\"tm-entry-meta-wrapper\"><div class=\"entry-meta tm-entry-meta tm-entry-meta-blogbox\"><span class=\"tm-meta-line byline\"><i class=\"tm-inoterior-icon-user\"><\/i> <span class=\"author vcard\"><span class=\"screen-reader-text tm-hide\">Author <\/span><a class=\"url fn n\" href=\"https:\/\/worldstagetruck.com\/en\/author\/stagetruck\/\">stagetruck<\/a><\/span><\/span><\/div><\/div>\t\t\t\t\t<div class=\"themetechmount-box-title\"><h4><a href=\"https:\/\/worldstagetruck.com\/en\/festival-organizasyonlarinda-mobil-sahne-secimi-rehberi-en-ideal-sahne-secimini-yapin\/\">Festival Organizasyonlar\u0131nda Mobil Sahne Se\u00e7imi Rehberi: En \u0130deal Sahne Se\u00e7imini Yap\u0131n<\/a><\/h4><\/div>\t\t\t\t<\/div>\n\t\t\t\t<div class=\"themetechmount-blogbox-desc-footer\">\n\t\t\t\t\t\t\t\t\t<\/div>\t\t\t\t\n\t\t\t<\/div>\n        <\/div>\n\t<\/div>\n<\/article>\n<\/div><div class=\"tm-box-col-wrapper  haberler col-lg-4 col-sm-6 col-md-4 col-xs-12\"><article class=\"themetechmount-box themetechmount-box-blog themetechmount-blogbox-styleone themetechmount-blogbox-format-\">\n\t<div class=\"post-item\">\n\t\t<div class=\"themetechmount-box-content\">\t\t\n\t\t\t<div class=\"tm-featured-outer-wrapper tm-post-featured-outer-wrapper\">\n\t\t\t\t<div class=\"tm-featured-wrapper tm-post-featured-wrapper tm-post-format-\"><a href=\"https:\/\/worldstagetruck.com\/en\/konser-icin-mobil-sahne-olculeri-ne-olmali-en-uygun-olcu-secimi-ve-dikkat-edilmesi-gerekenler\/\"><img decoding=\"async\" loading=\"lazy\" width=\"650\" height=\"307\" src=\"https:\/\/worldstagetruck.com\/wp-content\/uploads\/2023\/11\/slider02-1-650x307.jpg\" class=\"attachment-themetechmount-img-blog-top size-themetechmount-img-blog-top wp-post-image\" alt=\"\" srcset=\"https:\/\/worldstagetruck.com\/wp-content\/uploads\/2023\/11\/slider02-1-650x307.jpg 650w, https:\/\/worldstagetruck.com\/wp-content\/uploads\/2023\/11\/slider02-1-300x142.jpg 300w, https:\/\/worldstagetruck.com\/wp-content\/uploads\/2023\/11\/slider02-1-1024x484.jpg 1024w, https:\/\/worldstagetruck.com\/wp-content\/uploads\/2023\/11\/slider02-1-768x363.jpg 768w, https:\/\/worldstagetruck.com\/wp-content\/uploads\/2023\/11\/slider02-1-1536x725.jpg 1536w, https:\/\/worldstagetruck.com\/wp-content\/uploads\/2023\/11\/slider02-1-1170x550.jpg 1170w, https:\/\/worldstagetruck.com\/wp-content\/uploads\/2023\/11\/slider02-1-520x246.jpg 520w, https:\/\/worldstagetruck.com\/wp-content\/uploads\/2023\/11\/slider02-1.jpg 1800w\" sizes=\"(max-width: 650px) 100vw, 650px\" data-id=\"27\" \/><\/a><\/div>\t\t\t\t<div class=\"tm-box-post-date\">\n\t\t\t\t\t02\t\t\t\t\t<span>Mar<\/span>\n\t\t\t\t<\/div>\t\n\t\t\t<\/div>\t\t\n\t\t\t<div class=\"themetechmount-box-desc\">\n\t\t\t\t<div class=\"entry-header\">\n\t\t\t\t\t<div class=\"tm-entry-meta-wrapper\"><div class=\"entry-meta tm-entry-meta tm-entry-meta-blogbox\"><span class=\"tm-meta-line byline\"><i class=\"tm-inoterior-icon-user\"><\/i> <span class=\"author vcard\"><span class=\"screen-reader-text tm-hide\">Author <\/span><a class=\"url fn n\" href=\"https:\/\/worldstagetruck.com\/en\/author\/stagetruck\/\">stagetruck<\/a><\/span><\/span><\/div><\/div>\t\t\t\t\t<div class=\"themetechmount-box-title\"><h4><a href=\"https:\/\/worldstagetruck.com\/en\/konser-icin-mobil-sahne-olculeri-ne-olmali-en-uygun-olcu-secimi-ve-dikkat-edilmesi-gerekenler\/\">Konser \u0130\u00e7in Mobil Sahne \u00d6l\u00e7\u00fcleri Ne Olmal\u0131? En Uygun \u00d6l\u00e7\u00fc Se\u00e7imi ve Dikkat Edilmesi Gerekenler<\/a><\/h4><\/div>\t\t\t\t<\/div>\n\t\t\t\t<div class=\"themetechmount-blogbox-desc-footer\">\n\t\t\t\t\t\t\t\t\t<\/div>\t\t\t\t\n\t\t\t<\/div>\n        <\/div>\n\t<\/div>\n<\/article>\n<\/div><div class=\"tm-box-col-wrapper  haberler col-lg-4 col-sm-6 col-md-4 col-xs-12\"><article class=\"themetechmount-box themetechmount-box-blog themetechmount-blogbox-styleone themetechmount-blogbox-format-\">\n\t<div class=\"post-item\">\n\t\t<div class=\"themetechmount-box-content\">\t\t\n\t\t\t<div class=\"tm-featured-outer-wrapper tm-post-featured-outer-wrapper\">\n\t\t\t\t<div class=\"tm-featured-wrapper tm-post-featured-wrapper tm-post-format-\"><a href=\"https:\/\/worldstagetruck.com\/en\/sabit-sahne-ile-mobil-sahne-arasindaki-teknik-farklar-etkinlikler-icin-profesyonel-rehber\/\"><img decoding=\"async\" loading=\"lazy\" width=\"400\" height=\"88\" src=\"https:\/\/worldstagetruck.com\/wp-content\/uploads\/2023\/11\/world-lojistik-logo.png\" class=\"attachment-themetechmount-img-blog-top size-themetechmount-img-blog-top wp-post-image\" alt=\"\" srcset=\"https:\/\/worldstagetruck.com\/wp-content\/uploads\/2023\/11\/world-lojistik-logo.png 400w, https:\/\/worldstagetruck.com\/wp-content\/uploads\/2023\/11\/world-lojistik-logo-300x66.png 300w\" sizes=\"(max-width: 400px) 100vw, 400px\" data-id=\"65\" \/><\/a><\/div>\t\t\t\t<div class=\"tm-box-post-date\">\n\t\t\t\t\t02\t\t\t\t\t<span>Mar<\/span>\n\t\t\t\t<\/div>\t\n\t\t\t<\/div>\t\t\n\t\t\t<div class=\"themetechmount-box-desc\">\n\t\t\t\t<div class=\"entry-header\">\n\t\t\t\t\t<div class=\"tm-entry-meta-wrapper\"><div class=\"entry-meta tm-entry-meta tm-entry-meta-blogbox\"><span class=\"tm-meta-line byline\"><i class=\"tm-inoterior-icon-user\"><\/i> <span class=\"author vcard\"><span class=\"screen-reader-text tm-hide\">Author <\/span><a class=\"url fn n\" href=\"https:\/\/worldstagetruck.com\/en\/author\/stagetruck\/\">stagetruck<\/a><\/span><\/span><\/div><\/div>\t\t\t\t\t<div class=\"themetechmount-box-title\"><h4><a href=\"https:\/\/worldstagetruck.com\/en\/sabit-sahne-ile-mobil-sahne-arasindaki-teknik-farklar-etkinlikler-icin-profesyonel-rehber\/\">Sabit Sahne ile Mobil Sahne Aras\u0131ndaki Teknik Farklar: Etkinlikler \u0130\u00e7in Profesyonel Rehber<\/a><\/h4><\/div>\t\t\t\t<\/div>\n\t\t\t\t<div class=\"themetechmount-blogbox-desc-footer\">\n\t\t\t\t\t\t\t\t\t<\/div>\t\t\t\t\n\t\t\t<\/div>\n        <\/div>\n\t<\/div>\n<\/article>\n<\/div><div class=\"tm-box-col-wrapper  haberler col-lg-4 col-sm-6 col-md-4 col-xs-12\"><article class=\"themetechmount-box themetechmount-box-blog themetechmount-blogbox-styleone themetechmount-blogbox-format-\">\n\t<div class=\"post-item\">\n\t\t<div class=\"themetechmount-box-content\">\t\t\n\t\t\t<div class=\"tm-featured-outer-wrapper tm-post-featured-outer-wrapper\">\n\t\t\t\t<div class=\"tm-featured-wrapper tm-post-featured-wrapper tm-post-format-\"><a href=\"https:\/\/worldstagetruck.com\/en\/mobil-sahne-kiralama-mi-satin-alma-mi-finansal-karsilastirma\/\"><img decoding=\"async\" loading=\"lazy\" width=\"650\" height=\"488\" src=\"https:\/\/worldstagetruck.com\/wp-content\/uploads\/2023\/11\/mobil-sahne-650x488.jpg\" class=\"attachment-themetechmount-img-blog-top size-themetechmount-img-blog-top wp-post-image\" alt=\"\" srcset=\"https:\/\/worldstagetruck.com\/wp-content\/uploads\/2023\/11\/mobil-sahne-650x488.jpg 650w, https:\/\/worldstagetruck.com\/wp-content\/uploads\/2023\/11\/mobil-sahne-300x225.jpg 300w, https:\/\/worldstagetruck.com\/wp-content\/uploads\/2023\/11\/mobil-sahne-1024x768.jpg 1024w, https:\/\/worldstagetruck.com\/wp-content\/uploads\/2023\/11\/mobil-sahne-768x576.jpg 768w, https:\/\/worldstagetruck.com\/wp-content\/uploads\/2023\/11\/mobil-sahne-1536x1152.jpg 1536w, https:\/\/worldstagetruck.com\/wp-content\/uploads\/2023\/11\/mobil-sahne-400x300.jpg 400w, https:\/\/worldstagetruck.com\/wp-content\/uploads\/2023\/11\/mobil-sahne.jpg 1600w\" sizes=\"(max-width: 650px) 100vw, 650px\" data-id=\"57\" \/><\/a><\/div>\t\t\t\t<div class=\"tm-box-post-date\">\n\t\t\t\t\t02\t\t\t\t\t<span>Mar<\/span>\n\t\t\t\t<\/div>\t\n\t\t\t<\/div>\t\t\n\t\t\t<div class=\"themetechmount-box-desc\">\n\t\t\t\t<div class=\"entry-header\">\n\t\t\t\t\t<div class=\"tm-entry-meta-wrapper\"><div class=\"entry-meta tm-entry-meta tm-entry-meta-blogbox\"><span class=\"tm-meta-line byline\"><i class=\"tm-inoterior-icon-user\"><\/i> <span class=\"author vcard\"><span class=\"screen-reader-text tm-hide\">Author <\/span><a class=\"url fn n\" href=\"https:\/\/worldstagetruck.com\/en\/author\/stagetruck\/\">stagetruck<\/a><\/span><\/span><\/div><\/div>\t\t\t\t\t<div class=\"themetechmount-box-title\"><h4><a href=\"https:\/\/worldstagetruck.com\/en\/mobil-sahne-kiralama-mi-satin-alma-mi-finansal-karsilastirma\/\">Mobil Sahne Kiralama m\u0131, Sat\u0131n Alma m\u0131? Finansal Kar\u015f\u0131la\u015ft\u0131rma<\/a><\/h4><\/div>\t\t\t\t<\/div>\n\t\t\t\t<div class=\"themetechmount-blogbox-desc-footer\">\n\t\t\t\t\t\t\t\t\t<\/div>\t\t\t\t\n\t\t\t<\/div>\n        <\/div>\n\t<\/div>\n<\/article>\n<\/div><div class=\"tm-box-col-wrapper  haberler col-lg-4 col-sm-6 col-md-4 col-xs-12\"><article class=\"themetechmount-box themetechmount-box-blog themetechmount-blogbox-styleone themetechmount-blogbox-format-\">\n\t<div class=\"post-item\">\n\t\t<div class=\"themetechmount-box-content\">\t\t\n\t\t\t<div class=\"tm-featured-outer-wrapper tm-post-featured-outer-wrapper\">\n\t\t\t\t<div class=\"tm-featured-wrapper tm-post-featured-wrapper tm-post-format-\"><a href=\"https:\/\/worldstagetruck.com\/en\/mobil-sahne-fiyatlari-2026-maliyet-analizi-ve-belirleyici-faktorler\/\"><img decoding=\"async\" loading=\"lazy\" width=\"650\" height=\"307\" src=\"https:\/\/worldstagetruck.com\/wp-content\/uploads\/2023\/11\/slider03-1024x484-1-650x307.jpg\" class=\"attachment-themetechmount-img-blog-top size-themetechmount-img-blog-top wp-post-image\" alt=\"\" srcset=\"https:\/\/worldstagetruck.com\/wp-content\/uploads\/2023\/11\/slider03-1024x484-1-650x307.jpg 650w, https:\/\/worldstagetruck.com\/wp-content\/uploads\/2023\/11\/slider03-1024x484-1-300x142.jpg 300w, https:\/\/worldstagetruck.com\/wp-content\/uploads\/2023\/11\/slider03-1024x484-1-768x363.jpg 768w, https:\/\/worldstagetruck.com\/wp-content\/uploads\/2023\/11\/slider03-1024x484-1-520x246.jpg 520w, https:\/\/worldstagetruck.com\/wp-content\/uploads\/2023\/11\/slider03-1024x484-1.jpg 1024w\" sizes=\"(max-width: 650px) 100vw, 650px\" data-id=\"191\" \/><\/a><\/div>\t\t\t\t<div class=\"tm-box-post-date\">\n\t\t\t\t\t02\t\t\t\t\t<span>Mar<\/span>\n\t\t\t\t<\/div>\t\n\t\t\t<\/div>\t\t\n\t\t\t<div class=\"themetechmount-box-desc\">\n\t\t\t\t<div class=\"entry-header\">\n\t\t\t\t\t<div class=\"tm-entry-meta-wrapper\"><div class=\"entry-meta tm-entry-meta tm-entry-meta-blogbox\"><span class=\"tm-meta-line byline\"><i class=\"tm-inoterior-icon-user\"><\/i> <span class=\"author vcard\"><span class=\"screen-reader-text tm-hide\">Author <\/span><a class=\"url fn n\" href=\"https:\/\/worldstagetruck.com\/en\/author\/stagetruck\/\">stagetruck<\/a><\/span><\/span><\/div><\/div>\t\t\t\t\t<div class=\"themetechmount-box-title\"><h4><a href=\"https:\/\/worldstagetruck.com\/en\/mobil-sahne-fiyatlari-2026-maliyet-analizi-ve-belirleyici-faktorler\/\">Mobil Sahne Fiyatlar\u0131 2026: Maliyet Analizi ve Belirleyici Fakt\u00f6rler<\/a><\/h4><\/div>\t\t\t\t<\/div>\n\t\t\t\t<div class=\"themetechmount-blogbox-desc-footer\">\n\t\t\t\t\t\t\t\t\t<\/div>\t\t\t\t\n\t\t\t<\/div>\n        <\/div>\n\t<\/div>\n<\/article>\n<\/div><div class=\"tm-box-col-wrapper  haberler col-lg-4 col-sm-6 col-md-4 col-xs-12\"><article class=\"themetechmount-box themetechmount-box-blog themetechmount-blogbox-styleone themetechmount-blogbox-format-\">\n\t<div class=\"post-item\">\n\t\t<div class=\"themetechmount-box-content\">\t\t\n\t\t\t<div class=\"tm-featured-outer-wrapper tm-post-featured-outer-wrapper\">\n\t\t\t\t<div class=\"tm-featured-wrapper tm-post-featured-wrapper tm-post-format-\"><a href=\"https:\/\/worldstagetruck.com\/en\/mobil-sahne-nedir-tanimi-avantajlari-ve-kullanim-alanlari\/\"><img decoding=\"async\" loading=\"lazy\" width=\"650\" height=\"310\" src=\"https:\/\/worldstagetruck.com\/wp-content\/uploads\/2023\/11\/slider001-1-650x310.jpg\" class=\"attachment-themetechmount-img-blog-top size-themetechmount-img-blog-top wp-post-image\" alt=\"\" srcset=\"https:\/\/worldstagetruck.com\/wp-content\/uploads\/2023\/11\/slider001-1-650x310.jpg 650w, https:\/\/worldstagetruck.com\/wp-content\/uploads\/2023\/11\/slider001-1-300x143.jpg 300w, https:\/\/worldstagetruck.com\/wp-content\/uploads\/2023\/11\/slider001-1-1024x488.jpg 1024w, https:\/\/worldstagetruck.com\/wp-content\/uploads\/2023\/11\/slider001-1-768x366.jpg 768w, https:\/\/worldstagetruck.com\/wp-content\/uploads\/2023\/11\/slider001-1-1536x732.jpg 1536w, https:\/\/worldstagetruck.com\/wp-content\/uploads\/2023\/11\/slider001-1-520x248.jpg 520w, https:\/\/worldstagetruck.com\/wp-content\/uploads\/2023\/11\/slider001-1.jpg 1800w\" sizes=\"(max-width: 650px) 100vw, 650px\" data-id=\"23\" \/><\/a><\/div>\t\t\t\t<div class=\"tm-box-post-date\">\n\t\t\t\t\t19\t\t\t\t\t<span>Feb<\/span>\n\t\t\t\t<\/div>\t\n\t\t\t<\/div>\t\t\n\t\t\t<div class=\"themetechmount-box-desc\">\n\t\t\t\t<div class=\"entry-header\">\n\t\t\t\t\t<div class=\"tm-entry-meta-wrapper\"><div class=\"entry-meta tm-entry-meta tm-entry-meta-blogbox\"><span class=\"tm-meta-line byline\"><i class=\"tm-inoterior-icon-user\"><\/i> <span class=\"author vcard\"><span class=\"screen-reader-text tm-hide\">Author <\/span><a class=\"url fn n\" href=\"https:\/\/worldstagetruck.com\/en\/author\/stagetruck\/\">stagetruck<\/a><\/span><\/span><\/div><\/div>\t\t\t\t\t<div class=\"themetechmount-box-title\"><h4><a href=\"https:\/\/worldstagetruck.com\/en\/mobil-sahne-nedir-tanimi-avantajlari-ve-kullanim-alanlari\/\">Mobil Sahne Nedir? Tan\u0131m\u0131, Avantajlar\u0131 ve Kullan\u0131m Alanlar\u0131<\/a><\/h4><\/div>\t\t\t\t<\/div>\n\t\t\t\t<div class=\"themetechmount-blogbox-desc-footer\">\n\t\t\t\t\t\t\t\t\t<\/div>\t\t\t\t\n\t\t\t<\/div>\n        <\/div>\n\t<\/div>\n<\/article>\n<\/div><div class=\"tm-box-col-wrapper  haberler col-lg-4 col-sm-6 col-md-4 col-xs-12\"><article class=\"themetechmount-box themetechmount-box-blog themetechmount-blogbox-styleone themetechmount-blogbox-format-\">\n\t<div class=\"post-item\">\n\t\t<div class=\"themetechmount-box-content\">\t\t\n\t\t\t<div class=\"tm-featured-outer-wrapper tm-post-featured-outer-wrapper\">\n\t\t\t\t<div class=\"tm-featured-wrapper tm-post-featured-wrapper tm-post-format-\"><a href=\"https:\/\/worldstagetruck.com\/en\/deneme\/\"><img decoding=\"async\" loading=\"lazy\" width=\"650\" height=\"433\" src=\"https:\/\/worldstagetruck.com\/wp-content\/uploads\/2023\/11\/tv-kopya-02-scaled-2-650x433.jpg\" class=\"attachment-themetechmount-img-blog-top size-themetechmount-img-blog-top wp-post-image\" alt=\"\" srcset=\"https:\/\/worldstagetruck.com\/wp-content\/uploads\/2023\/11\/tv-kopya-02-scaled-2-650x433.jpg 650w, https:\/\/worldstagetruck.com\/wp-content\/uploads\/2023\/11\/tv-kopya-02-scaled-2-300x200.jpg 300w, https:\/\/worldstagetruck.com\/wp-content\/uploads\/2023\/11\/tv-kopya-02-scaled-2-1024x683.jpg 1024w, https:\/\/worldstagetruck.com\/wp-content\/uploads\/2023\/11\/tv-kopya-02-scaled-2-768x512.jpg 768w, https:\/\/worldstagetruck.com\/wp-content\/uploads\/2023\/11\/tv-kopya-02-scaled-2-1536x1024.jpg 1536w, https:\/\/worldstagetruck.com\/wp-content\/uploads\/2023\/11\/tv-kopya-02-scaled-2-2048x1366.jpg 2048w, https:\/\/worldstagetruck.com\/wp-content\/uploads\/2023\/11\/tv-kopya-02-scaled-2-450x300.jpg 450w\" sizes=\"(max-width: 650px) 100vw, 650px\" data-id=\"302\" \/><\/a><\/div>\t\t\t\t<div class=\"tm-box-post-date\">\n\t\t\t\t\t30\t\t\t\t\t<span>May<\/span>\n\t\t\t\t<\/div>\t\n\t\t\t<\/div>\t\t\n\t\t\t<div class=\"themetechmount-box-desc\">\n\t\t\t\t<div class=\"entry-header\">\n\t\t\t\t\t<div class=\"tm-entry-meta-wrapper\"><div class=\"entry-meta tm-entry-meta tm-entry-meta-blogbox\"><span class=\"tm-meta-line byline\"><i class=\"tm-inoterior-icon-user\"><\/i> <span class=\"author vcard\"><span class=\"screen-reader-text tm-hide\">Author <\/span><a class=\"url fn n\" href=\"https:\/\/worldstagetruck.com\/en\/author\/admin\/\">admin<\/a><\/span><\/span><\/div><\/div>\t\t\t\t\t<div class=\"themetechmount-box-title\"><h4><a href=\"https:\/\/worldstagetruck.com\/en\/deneme\/\">deneme<\/a><\/h4><\/div>\t\t\t\t<\/div>\n\t\t\t\t<div class=\"themetechmount-blogbox-desc-footer\">\n\t\t\t\t\t\t\t\t\t<\/div>\t\t\t\t\n\t\t\t<\/div>\n        <\/div>\n\t<\/div>\n<\/article>\n<\/div>\n\t\t\t<\/div>\n\t\t\t<\/div><!-- .themetechmount-boxes-inner -->   <\/div><!-- .themetechmount-boxes -->  \t\t<\/div>\n\t\t\t\t<\/div>\n\t\t\t\t\t<\/div>\n\t\t<\/div>\n\t\t\t\t\t\t\t<\/div>\n\t\t<\/section>\n\t\t\t\t\t\t<\/div>\n\t\t\t\t\t<\/div>","protected":false},"excerpt":{"rendered":"<p>30 May Author admin deneme<\/p>","protected":false},"author":1,"featured_media":0,"parent":0,"menu_order":0,"comment_status":"closed","ping_status":"closed","template":"","meta":{"footnotes":""},"_links":{"self":[{"href":"https:\/\/worldstagetruck.com\/en\/wp-json\/wp\/v2\/pages\/310"}],"collection":[{"href":"https:\/\/worldstagetruck.com\/en\/wp-json\/wp\/v2\/pages"}],"about":[{"href":"https:\/\/worldstagetruck.com\/en\/wp-json\/wp\/v2\/types\/page"}],"author":[{"embeddable":true,"href":"https:\/\/worldstagetruck.com\/en\/wp-json\/wp\/v2\/users\/1"}],"replies":[{"embeddable":true,"href":"https:\/\/worldstagetruck.com\/en\/wp-json\/wp\/v2\/comments?post=310"}],"version-history":[{"count":4,"href":"https:\/\/worldstagetruck.com\/en\/wp-json\/wp\/v2\/pages\/310\/revisions"}],"predecessor-version":[{"id":318,"href":"https:\/\/worldstagetruck.com\/en\/wp-json\/wp\/v2\/pages\/310\/revisions\/318"}],"wp:attachment":[{"href":"https:\/\/worldstagetruck.com\/en\/wp-json\/wp\/v2\/media?parent=310"}],"curies":[{"name":"wp","href":"https:\/\/api.w.org\/{rel}","templated":true}]}}