{"id":88,"date":"2023-11-03T10:28:31","date_gmt":"2023-11-03T07:28:31","guid":{"rendered":"https:\/\/worldstagetruck.com\/?page_id=88"},"modified":"2023-11-03T13:33:16","modified_gmt":"2023-11-03T10:33:16","slug":"mobile-stage","status":"publish","type":"page","link":"https:\/\/worldstagetruck.com\/en\/mobile-stage\/","title":{"rendered":"Mobile Stage"},"content":{"rendered":"<div data-elementor-type=\"wp-page\" data-elementor-id=\"88\" class=\"elementor elementor-88\" data-elementor-settings=\"[]\">\n\t\t\t\t\t\t\t<div class=\"elementor-section-wrap\">\n\t\t\t\t\t\t\t<section class=\"elementor-section elementor-top-section elementor-element elementor-element-b976eba tm-column-break-ipad-no tm-col-stretched-none elementor-section-boxed elementor-section-height-default elementor-section-height-default\" data-id=\"b976eba\" data-element_type=\"section\">\n\t\t\t\t\t\t<div class=\"elementor-container elementor-column-gap-default\">\n\t\t\t\t\t<div class=\"elementor-column elementor-col-50 elementor-top-column elementor-element elementor-element-c935aeb\" data-id=\"c935aeb\" data-element_type=\"column\">\n\t\t\t<div class=\"elementor-widget-wrap elementor-element-populated\">\n\t\t\t\t\t\t\t\t<div class=\"elementor-element elementor-element-3dc2a4d elementor-widget elementor-widget-text-editor\" data-id=\"3dc2a4d\" data-element_type=\"widget\" data-widget_type=\"text-editor.default\">\n\t\t\t\t<div class=\"elementor-widget-container\">\n\t\t\t\t\t<div class=\"elementor-text-editor elementor-clearfix\"><p><strong>Mobile Stage Manufacturing<\/strong><br \/>The stage is one of the most important factors that determine the spirit and atmosphere of the event and takes the event to the next level. With this discipline, we design mobile stages that will transform your ordinary events into a magical performance space, regardless of your need: concerts, open-air movie screenings, festivals or corporate events.\u00a0<\/p><p>All equipment used in the construction of our stages is produced with technologies suitable for long-lasting use. One of the main reasons why our stages are preferred is the design philosophy we adopt. As a result of the active role we have played in the event industry for years, we know well how the effectiveness of the products used affects the success of the business. For this reason, we produce easy-to-use scenes that do not tire our customers during the installation, use and disassembly stages. When our creative stage designs come together with the state-of-the-art sound systems, light systems, lighting and display systems you need, our stages turn the events of you and your valued participants into an unforgettable memory. We can produce all the stage systems you will need for the size and content of the stage in accordance with your special demands.<\/p><\/div>\n\t\t\t\t<\/div>\n\t\t\t\t<\/div>\n\t\t\t\t\t<\/div>\n\t\t<\/div>\n\t\t\t\t<div class=\"elementor-column elementor-col-50 elementor-top-column elementor-element elementor-element-6a99955\" data-id=\"6a99955\" data-element_type=\"column\">\n\t\t\t<div class=\"elementor-widget-wrap elementor-element-populated\">\n\t\t\t\t\t\t\t\t<div class=\"elementor-element elementor-element-b4f4382 elementor-widget elementor-widget-image\" data-id=\"b4f4382\" data-element_type=\"widget\" data-widget_type=\"image.default\">\n\t\t\t\t<div class=\"elementor-widget-container\">\n\t\t\t\t\t<div class=\"elementor-image\">\n\t\t\t\t\t\t\t\t\t\t<img loading=\"lazy\" width=\"847\" height=\"635\" src=\"https:\/\/worldstagetruck.com\/wp-content\/uploads\/2023\/11\/mobil-sahne-1-1024x768.jpg\" class=\"attachment-large size-large\" alt=\"\" decoding=\"async\" srcset=\"https:\/\/worldstagetruck.com\/wp-content\/uploads\/2023\/11\/mobil-sahne-1-1024x768.jpg 1024w, https:\/\/worldstagetruck.com\/wp-content\/uploads\/2023\/11\/mobil-sahne-1-300x225.jpg 300w, https:\/\/worldstagetruck.com\/wp-content\/uploads\/2023\/11\/mobil-sahne-1-768x576.jpg 768w, https:\/\/worldstagetruck.com\/wp-content\/uploads\/2023\/11\/mobil-sahne-1-1536x1152.jpg 1536w, https:\/\/worldstagetruck.com\/wp-content\/uploads\/2023\/11\/mobil-sahne-1-400x300.jpg 400w, https:\/\/worldstagetruck.com\/wp-content\/uploads\/2023\/11\/mobil-sahne-1-650x488.jpg 650w, https:\/\/worldstagetruck.com\/wp-content\/uploads\/2023\/11\/mobil-sahne-1.jpg 1600w\" sizes=\"(max-width: 847px) 100vw, 847px\" data-id=\"103\" \/>\t\t\t\t\t\t\t\t\t\t\t<\/div>\n\t\t\t\t<\/div>\n\t\t\t\t<\/div>\n\t\t\t\t\t<\/div>\n\t\t<\/div>\n\t\t\t\t\t\t\t<\/div>\n\t\t<\/section>\n\t\t\t\t<section class=\"elementor-section elementor-top-section elementor-element elementor-element-fe191d8 tm-column-break-ipad-no tm-col-stretched-none elementor-section-boxed elementor-section-height-default elementor-section-height-default\" data-id=\"fe191d8\" data-element_type=\"section\">\n\t\t\t\t\t\t<div class=\"elementor-container elementor-column-gap-default\">\n\t\t\t\t\t<div class=\"elementor-column elementor-col-50 elementor-top-column elementor-element elementor-element-26be3e8\" data-id=\"26be3e8\" data-element_type=\"column\">\n\t\t\t<div class=\"elementor-widget-wrap elementor-element-populated\">\n\t\t\t\t\t\t\t\t<div class=\"elementor-element elementor-element-e5b1041 elementor-widget elementor-widget-image\" data-id=\"e5b1041\" data-element_type=\"widget\" data-widget_type=\"image.default\">\n\t\t\t\t<div class=\"elementor-widget-container\">\n\t\t\t\t\t<div class=\"elementor-image\">\n\t\t\t\t\t\t\t\t\t\t<img loading=\"lazy\" width=\"847\" height=\"565\" src=\"https:\/\/worldstagetruck.com\/wp-content\/uploads\/2023\/11\/sahne-02-1024x683.jpg\" class=\"attachment-large size-large\" alt=\"\" decoding=\"async\" srcset=\"https:\/\/worldstagetruck.com\/wp-content\/uploads\/2023\/11\/sahne-02-1024x683.jpg 1024w, https:\/\/worldstagetruck.com\/wp-content\/uploads\/2023\/11\/sahne-02-300x200.jpg 300w, https:\/\/worldstagetruck.com\/wp-content\/uploads\/2023\/11\/sahne-02-768x512.jpg 768w, https:\/\/worldstagetruck.com\/wp-content\/uploads\/2023\/11\/sahne-02-450x300.jpg 450w, https:\/\/worldstagetruck.com\/wp-content\/uploads\/2023\/11\/sahne-02-650x433.jpg 650w, https:\/\/worldstagetruck.com\/wp-content\/uploads\/2023\/11\/sahne-02.jpg 1344w\" sizes=\"(max-width: 847px) 100vw, 847px\" data-id=\"101\" \/>\t\t\t\t\t\t\t\t\t\t\t<\/div>\n\t\t\t\t<\/div>\n\t\t\t\t<\/div>\n\t\t\t\t\t<\/div>\n\t\t<\/div>\n\t\t\t\t<div class=\"elementor-column elementor-col-50 elementor-top-column elementor-element elementor-element-a007a93\" data-id=\"a007a93\" data-element_type=\"column\">\n\t\t\t<div class=\"elementor-widget-wrap elementor-element-populated\">\n\t\t\t\t\t\t\t\t<div class=\"elementor-element elementor-element-0aec7a6 elementor-widget elementor-widget-image\" data-id=\"0aec7a6\" data-element_type=\"widget\" data-widget_type=\"image.default\">\n\t\t\t\t<div class=\"elementor-widget-container\">\n\t\t\t\t\t<div class=\"elementor-image\">\n\t\t\t\t\t\t\t\t\t\t<img loading=\"lazy\" width=\"847\" height=\"564\" src=\"https:\/\/worldstagetruck.com\/wp-content\/uploads\/2023\/11\/World-Stage-Truck-13-1024x682.jpg\" class=\"attachment-large size-large\" alt=\"\" decoding=\"async\" srcset=\"https:\/\/worldstagetruck.com\/wp-content\/uploads\/2023\/11\/World-Stage-Truck-13-1024x682.jpg 1024w, https:\/\/worldstagetruck.com\/wp-content\/uploads\/2023\/11\/World-Stage-Truck-13-300x200.jpg 300w, https:\/\/worldstagetruck.com\/wp-content\/uploads\/2023\/11\/World-Stage-Truck-13-768x512.jpg 768w, https:\/\/worldstagetruck.com\/wp-content\/uploads\/2023\/11\/World-Stage-Truck-13-450x300.jpg 450w, https:\/\/worldstagetruck.com\/wp-content\/uploads\/2023\/11\/World-Stage-Truck-13-650x433.jpg 650w, https:\/\/worldstagetruck.com\/wp-content\/uploads\/2023\/11\/World-Stage-Truck-13.jpg 1280w\" sizes=\"(max-width: 847px) 100vw, 847px\" data-id=\"102\" \/>\t\t\t\t\t\t\t\t\t\t\t<\/div>\n\t\t\t\t<\/div>\n\t\t\t\t<\/div>\n\t\t\t\t\t<\/div>\n\t\t<\/div>\n\t\t\t\t\t\t\t<\/div>\n\t\t<\/section>\n\t\t\t\t\t\t<\/div>\n\t\t\t\t\t<\/div>","protected":false},"excerpt":{"rendered":"<p>Mobil Sahne \u0130malat\u0131Sahne, yap\u0131lan etkinli\u011fin ruhunu ve atmosferini belirleyen ve etkinli\u011fi bir \u00fcst seviyeye ta\u015f\u0131yan en \u00f6nemli etkenlerden biridir. Bu disiplin ile konserler, a\u00e7\u0131k hava film g\u00f6sterimleri, festivaller veya kurumsal etkinlikler, ihtiyac\u0131n\u0131z ne olursa olsun s\u0131radan etkinliklerinizi b\u00fcy\u00fcl\u00fc bir performans alan\u0131na d\u00f6n\u00fc\u015ft\u00fcrecek mobil sahneler tasarl\u0131yoruz.\u00a0 Sahnelerimizin yap\u0131m\u0131nda kullan\u0131lan t\u00fcm ekipman uzun \u00f6m\u00fcrl\u00fc kullan\u0131ma uygun olacak &hellip; <a href=\"https:\/\/worldstagetruck.com\/en\/mobile-stage\/\" class=\"more-link\">Continue reading <span class=\"screen-reader-text\">Mobile Stage<\/span><\/a><\/p>","protected":false},"author":1,"featured_media":0,"parent":0,"menu_order":0,"comment_status":"closed","ping_status":"closed","template":"","meta":{"footnotes":""},"_links":{"self":[{"href":"https:\/\/worldstagetruck.com\/en\/wp-json\/wp\/v2\/pages\/88"}],"collection":[{"href":"https:\/\/worldstagetruck.com\/en\/wp-json\/wp\/v2\/pages"}],"about":[{"href":"https:\/\/worldstagetruck.com\/en\/wp-json\/wp\/v2\/types\/page"}],"author":[{"embeddable":true,"href":"https:\/\/worldstagetruck.com\/en\/wp-json\/wp\/v2\/users\/1"}],"replies":[{"embeddable":true,"href":"https:\/\/worldstagetruck.com\/en\/wp-json\/wp\/v2\/comments?post=88"}],"version-history":[{"count":4,"href":"https:\/\/worldstagetruck.com\/en\/wp-json\/wp\/v2\/pages\/88\/revisions"}],"predecessor-version":[{"id":106,"href":"https:\/\/worldstagetruck.com\/en\/wp-json\/wp\/v2\/pages\/88\/revisions\/106"}],"wp:attachment":[{"href":"https:\/\/worldstagetruck.com\/en\/wp-json\/wp\/v2\/media?parent=88"}],"curies":[{"name":"wp","href":"https:\/\/api.w.org\/{rel}","templated":true}]}}