{"id":90,"date":"2023-11-03T10:31:07","date_gmt":"2023-11-03T07:31:07","guid":{"rendered":"https:\/\/worldstagetruck.com\/?page_id=90"},"modified":"2023-11-03T14:05:21","modified_gmt":"2023-11-03T11:05:21","slug":"mobile-vehicles","status":"publish","type":"page","link":"https:\/\/worldstagetruck.com\/en\/mobile-vehicles\/","title":{"rendered":"Mobile Vehicles"},"content":{"rendered":"<div data-elementor-type=\"wp-page\" data-elementor-id=\"90\" class=\"elementor elementor-90\" data-elementor-settings=\"[]\">\n\t\t\t\t\t\t\t<div class=\"elementor-section-wrap\">\n\t\t\t\t\t\t\t<section class=\"elementor-section elementor-top-section elementor-element elementor-element-bbbd2c1 tm-column-break-ipad-no tm-col-stretched-none elementor-section-boxed elementor-section-height-default elementor-section-height-default\" data-id=\"bbbd2c1\" data-element_type=\"section\">\n\t\t\t\t\t\t<div class=\"elementor-container elementor-column-gap-default\">\n\t\t\t\t\t<div class=\"elementor-column elementor-col-50 elementor-top-column elementor-element elementor-element-0499d65\" data-id=\"0499d65\" data-element_type=\"column\">\n\t\t\t<div class=\"elementor-widget-wrap elementor-element-populated\">\n\t\t\t\t\t\t\t\t<div class=\"elementor-element elementor-element-e95cf45 elementor-widget elementor-widget-text-editor\" data-id=\"e95cf45\" data-element_type=\"widget\" data-widget_type=\"text-editor.default\">\n\t\t\t\t<div class=\"elementor-widget-container\">\n\t\t\t\t\t<div class=\"elementor-text-editor elementor-clearfix\"><p><strong>Mobile Vehicles<\/strong><br \/>We produce specially designed vehicles and tools with different qualities that our customers need in their projects. Promotion trucks, training trucks, mobile hospital trucks, clinical pharmacy trucks, mobile informatics and technology trucks, mobile training and meeting trucks, aid trucks, mobile exhibition and museum trucks, mobile LED screens, mobile cinema trucks, mobile childcare and game trucks are some of the countless vehicles we have been producing for many years. We design our products, which we develop depending on the nature, content and purpose of the project, in accordance with both the demands and visions of our customers and the market and project requirements.<\/p><p>In the pre-design meetings where we bring together our design and engineering team and our customers, one of our primary goals is to offer the most appropriate solutions to their needs. Upon completion of the design process, our design team presents their 3D modeling alternatives to our business partners and receives approval before proceeding with the production process. The production process is carried out meticulously by the engineers and technicians we have been working with for years. All materials used are certified, state-of-the-art and have a modifiable infrastructure.<\/p><\/div>\n\t\t\t\t<\/div>\n\t\t\t\t<\/div>\n\t\t\t\t\t<\/div>\n\t\t<\/div>\n\t\t\t\t<div class=\"elementor-column elementor-col-50 elementor-top-column elementor-element elementor-element-1f98732\" data-id=\"1f98732\" data-element_type=\"column\">\n\t\t\t<div class=\"elementor-widget-wrap elementor-element-populated\">\n\t\t\t\t\t\t\t\t<div class=\"elementor-element elementor-element-8d09aa6 elementor-widget elementor-widget-image\" data-id=\"8d09aa6\" data-element_type=\"widget\" data-widget_type=\"image.default\">\n\t\t\t\t<div class=\"elementor-widget-container\">\n\t\t\t\t\t<div class=\"elementor-image\">\n\t\t\t\t\t\t\t\t\t\t<img loading=\"lazy\" width=\"847\" height=\"562\" src=\"https:\/\/worldstagetruck.com\/wp-content\/uploads\/2023\/11\/World-Stage-Truck-16-1-1024x680.jpg\" class=\"attachment-large size-large\" alt=\"\" decoding=\"async\" srcset=\"https:\/\/worldstagetruck.com\/wp-content\/uploads\/2023\/11\/World-Stage-Truck-16-1-1024x680.jpg 1024w, https:\/\/worldstagetruck.com\/wp-content\/uploads\/2023\/11\/World-Stage-Truck-16-1-300x199.jpg 300w, https:\/\/worldstagetruck.com\/wp-content\/uploads\/2023\/11\/World-Stage-Truck-16-1-768x510.jpg 768w, https:\/\/worldstagetruck.com\/wp-content\/uploads\/2023\/11\/World-Stage-Truck-16-1-452x300.jpg 452w, https:\/\/worldstagetruck.com\/wp-content\/uploads\/2023\/11\/World-Stage-Truck-16-1-650x432.jpg 650w, https:\/\/worldstagetruck.com\/wp-content\/uploads\/2023\/11\/World-Stage-Truck-16-1.jpg 1280w\" sizes=\"(max-width: 847px) 100vw, 847px\" data-id=\"94\" \/>\t\t\t\t\t\t\t\t\t\t\t<\/div>\n\t\t\t\t<\/div>\n\t\t\t\t<\/div>\n\t\t\t\t\t<\/div>\n\t\t<\/div>\n\t\t\t\t\t\t\t<\/div>\n\t\t<\/section>\n\t\t\t\t<section class=\"elementor-section elementor-top-section elementor-element elementor-element-4d4c433 tm-column-break-ipad-no tm-col-stretched-none elementor-section-boxed elementor-section-height-default elementor-section-height-default\" data-id=\"4d4c433\" data-element_type=\"section\">\n\t\t\t\t\t\t<div class=\"elementor-container elementor-column-gap-default\">\n\t\t\t\t\t<div class=\"elementor-column elementor-col-50 elementor-top-column elementor-element elementor-element-66998f4\" data-id=\"66998f4\" data-element_type=\"column\">\n\t\t\t<div class=\"elementor-widget-wrap elementor-element-populated\">\n\t\t\t\t\t\t\t\t<div class=\"elementor-element elementor-element-632330b elementor-widget elementor-widget-image\" data-id=\"632330b\" data-element_type=\"widget\" data-widget_type=\"image.default\">\n\t\t\t\t<div class=\"elementor-widget-container\">\n\t\t\t\t\t<div class=\"elementor-image\">\n\t\t\t\t\t\t\t\t\t\t<img loading=\"lazy\" width=\"847\" height=\"565\" src=\"https:\/\/worldstagetruck.com\/wp-content\/uploads\/2023\/11\/World-Stage-Truck-10-1024x683.jpg\" class=\"attachment-large size-large\" alt=\"\" decoding=\"async\" srcset=\"https:\/\/worldstagetruck.com\/wp-content\/uploads\/2023\/11\/World-Stage-Truck-10-1024x683.jpg 1024w, https:\/\/worldstagetruck.com\/wp-content\/uploads\/2023\/11\/World-Stage-Truck-10-300x200.jpg 300w, https:\/\/worldstagetruck.com\/wp-content\/uploads\/2023\/11\/World-Stage-Truck-10-768x512.jpg 768w, https:\/\/worldstagetruck.com\/wp-content\/uploads\/2023\/11\/World-Stage-Truck-10-450x300.jpg 450w, https:\/\/worldstagetruck.com\/wp-content\/uploads\/2023\/11\/World-Stage-Truck-10-650x434.jpg 650w, https:\/\/worldstagetruck.com\/wp-content\/uploads\/2023\/11\/World-Stage-Truck-10.jpg 1280w\" sizes=\"(max-width: 847px) 100vw, 847px\" data-id=\"92\" \/>\t\t\t\t\t\t\t\t\t\t\t<\/div>\n\t\t\t\t<\/div>\n\t\t\t\t<\/div>\n\t\t\t\t\t<\/div>\n\t\t<\/div>\n\t\t\t\t<div class=\"elementor-column elementor-col-50 elementor-top-column elementor-element elementor-element-6d4e8b0\" data-id=\"6d4e8b0\" data-element_type=\"column\">\n\t\t\t<div class=\"elementor-widget-wrap elementor-element-populated\">\n\t\t\t\t\t\t\t\t<div class=\"elementor-element elementor-element-d18f336 elementor-widget elementor-widget-spacer\" data-id=\"d18f336\" data-element_type=\"widget\" data-widget_type=\"spacer.default\">\n\t\t\t\t<div class=\"elementor-widget-container\">\n\t\t\t\t\t<div class=\"elementor-spacer\">\n\t\t\t<div class=\"elementor-spacer-inner\"><\/div>\n\t\t<\/div>\n\t\t\t\t<\/div>\n\t\t\t\t<\/div>\n\t\t\t\t<div class=\"elementor-element elementor-element-5e6152b elementor-widget elementor-widget-text-editor\" data-id=\"5e6152b\" data-element_type=\"widget\" data-widget_type=\"text-editor.default\">\n\t\t\t\t<div class=\"elementor-widget-container\">\n\t\t\t\t\t<div class=\"elementor-text-editor elementor-clearfix\"><p>Immediately after the completion of the production process, before delivery, the product is installed by us, and the product is subjected to a quality control process. Once the tests and final installation are completed, the product is ready for delivery. We provide the changes and maintenance needs that become necessary over time in our mobile stages, which are produced for long-term use, with our after-sales support team for many years.<\/p><\/div>\n\t\t\t\t<\/div>\n\t\t\t\t<\/div>\n\t\t\t\t\t<\/div>\n\t\t<\/div>\n\t\t\t\t\t\t\t<\/div>\n\t\t<\/section>\n\t\t\t\t\t\t<\/div>\n\t\t\t\t\t<\/div>","protected":false},"excerpt":{"rendered":"<p>Mobil Ara\u00e7larM\u00fc\u015fterilerimizin projelerinde ihtiya\u00e7 duyduklar\u0131 farkl\u0131 niteliklerde ve ki\u015fiye \u00f6zel tasarlanm\u0131\u015f ara\u00e7lar \u00fcretiyoruz. Tan\u0131t\u0131m t\u0131rlar\u0131, e\u011fitim t\u0131rlar\u0131, mobil hastane t\u0131rlar\u0131, klinik eczane t\u0131rlar\u0131, mobil bili\u015fim ve teknoloji t\u0131rlar\u0131, mobil e\u011fitim ve toplant\u0131 t\u0131rlar\u0131, yard\u0131m t\u0131rlar\u0131, mobil sergi ve m\u00fcze t\u0131rlar\u0131, mobil led ekranlar, mobil sinema t\u0131rlar\u0131, mobil \u00e7ocuk bak\u0131m ve oyun t\u0131rlar\u0131 uzun y\u0131llard\u0131r \u00fcretmekte &hellip; <a href=\"https:\/\/worldstagetruck.com\/en\/mobile-vehicles\/\" class=\"more-link\">Continue reading <span class=\"screen-reader-text\">Mobile Vehicles<\/span><\/a><\/p>","protected":false},"author":1,"featured_media":0,"parent":0,"menu_order":0,"comment_status":"closed","ping_status":"closed","template":"","meta":{"footnotes":""},"_links":{"self":[{"href":"https:\/\/worldstagetruck.com\/en\/wp-json\/wp\/v2\/pages\/90"}],"collection":[{"href":"https:\/\/worldstagetruck.com\/en\/wp-json\/wp\/v2\/pages"}],"about":[{"href":"https:\/\/worldstagetruck.com\/en\/wp-json\/wp\/v2\/types\/page"}],"author":[{"embeddable":true,"href":"https:\/\/worldstagetruck.com\/en\/wp-json\/wp\/v2\/users\/1"}],"replies":[{"embeddable":true,"href":"https:\/\/worldstagetruck.com\/en\/wp-json\/wp\/v2\/comments?post=90"}],"version-history":[{"count":10,"href":"https:\/\/worldstagetruck.com\/en\/wp-json\/wp\/v2\/pages\/90\/revisions"}],"predecessor-version":[{"id":113,"href":"https:\/\/worldstagetruck.com\/en\/wp-json\/wp\/v2\/pages\/90\/revisions\/113"}],"wp:attachment":[{"href":"https:\/\/worldstagetruck.com\/en\/wp-json\/wp\/v2\/media?parent=90"}],"curies":[{"name":"wp","href":"https:\/\/api.w.org\/{rel}","templated":true}]}}